{"id":74,"date":"2019-08-06T00:17:00","date_gmt":"2019-08-05T22:17:00","guid":{"rendered":"https:\/\/katarina.dezman.org\/?page_id=74"},"modified":"2021-08-22T09:38:30","modified_gmt":"2021-08-22T07:38:30","slug":"izdelki","status":"publish","type":"page","link":"https:\/\/katarina.dezman.org\/?page_id=74","title":{"rendered":"Izdelki"},"content":{"rendered":"\n<p><strong>DRAGA LUNA, LAHKO NO\u010c<\/strong><\/p>\n\n\n\n<figure class=\"wp-block-image\"><img loading=\"lazy\" decoding=\"async\" width=\"1024\" height=\"576\" src=\"https:\/\/katarina.dezman.org\/wp-content\/uploads\/2019\/08\/1565389853117-1024x576.jpg\" alt=\"\" class=\"wp-image-106\" srcset=\"https:\/\/katarina.dezman.org\/wp-content\/uploads\/2019\/08\/1565389853117-1024x576.jpg 1024w, https:\/\/katarina.dezman.org\/wp-content\/uploads\/2019\/08\/1565389853117-350x197.jpg 350w, https:\/\/katarina.dezman.org\/wp-content\/uploads\/2019\/08\/1565389853117-300x169.jpg 300w, https:\/\/katarina.dezman.org\/wp-content\/uploads\/2019\/08\/1565389853117-768x432.jpg 768w, https:\/\/katarina.dezman.org\/wp-content\/uploads\/2019\/08\/1565389853117.jpg 2048w\" sizes=\"auto, (max-width: 706px) 89vw, (max-width: 767px) 82vw, 740px\" \/><\/figure>\n\n\n\n<p>Draga Luna, lahko no\u010d je pravljica, ki je nastala v \u010dasu druge porodni\u0161ke, ko sem se \u0161e bolj za\u010dela zavedati, da sem mama dvema h\u010derkama. In da to prina\u0161a novo dimenzijo odgovornosti spremljanja njiju v zavestno \u017eivljenje \u017eensk, ki bosta postali. <br>Ker sama \u017eensko cikli\u010dnost \u010dutim kot mo\u010dno podporo zavestnega \u017eivljenja, je nastala pravljica, skozi katero deklica Ajda spremlja luno. Opa\u017ea, da je ta v\u010dasih polna, drugi\u010d je sploh ne vidi. In tako je tudi z njo  ~  v\u010dasih ima polno energije, drugi\u010d pa bi se umaknila in skrila.  <\/p>\n\n\n\n<figure class=\"wp-block-image\"><img loading=\"lazy\" decoding=\"async\" width=\"1024\" height=\"438\" src=\"https:\/\/katarina.dezman.org\/wp-content\/uploads\/2019\/08\/1565389749636-1024x438.jpg\" alt=\"\" class=\"wp-image-105\" srcset=\"https:\/\/katarina.dezman.org\/wp-content\/uploads\/2019\/08\/1565389749636-1024x438.jpg 1024w, https:\/\/katarina.dezman.org\/wp-content\/uploads\/2019\/08\/1565389749636-350x150.jpg 350w, https:\/\/katarina.dezman.org\/wp-content\/uploads\/2019\/08\/1565389749636-300x128.jpg 300w, https:\/\/katarina.dezman.org\/wp-content\/uploads\/2019\/08\/1565389749636-768x329.jpg 768w, https:\/\/katarina.dezman.org\/wp-content\/uploads\/2019\/08\/1565389749636.jpg 2048w\" sizes=\"auto, (max-width: 706px) 89vw, (max-width: 767px) 82vw, 740px\" \/><\/figure>\n\n\n\n<p>S preprostimi rimami in \u010darobnimi ilustracijami Mojce Fo pravljica o\u010dara tako otroke kot odrasle. Na ne\u017een na\u010din celo dru\u017eino spodbuja k prepoznavanju razli\u010dnih \u010dustvenih stanj, k ve\u010djemu zavedanju in \u010dutenju sebe. <\/p>\n\n\n\n<figure class=\"wp-block-image\"><img loading=\"lazy\" decoding=\"async\" width=\"1024\" height=\"438\" src=\"https:\/\/katarina.dezman.org\/wp-content\/uploads\/2019\/08\/1565389722011-1024x438.jpg\" alt=\"\" class=\"wp-image-108\" srcset=\"https:\/\/katarina.dezman.org\/wp-content\/uploads\/2019\/08\/1565389722011-1024x438.jpg 1024w, https:\/\/katarina.dezman.org\/wp-content\/uploads\/2019\/08\/1565389722011-350x150.jpg 350w, https:\/\/katarina.dezman.org\/wp-content\/uploads\/2019\/08\/1565389722011-300x128.jpg 300w, https:\/\/katarina.dezman.org\/wp-content\/uploads\/2019\/08\/1565389722011-768x329.jpg 768w, https:\/\/katarina.dezman.org\/wp-content\/uploads\/2019\/08\/1565389722011.jpg 2048w\" sizes=\"auto, (max-width: 706px) 89vw, (max-width: 767px) 82vw, 740px\" \/><\/figure>\n\n\n\n<figure class=\"wp-block-image\"><img loading=\"lazy\" decoding=\"async\" width=\"1024\" height=\"438\" src=\"https:\/\/katarina.dezman.org\/wp-content\/uploads\/2019\/08\/1565389799465-1024x438.jpg\" alt=\"\" class=\"wp-image-107\" srcset=\"https:\/\/katarina.dezman.org\/wp-content\/uploads\/2019\/08\/1565389799465-1024x438.jpg 1024w, https:\/\/katarina.dezman.org\/wp-content\/uploads\/2019\/08\/1565389799465-350x150.jpg 350w, https:\/\/katarina.dezman.org\/wp-content\/uploads\/2019\/08\/1565389799465-300x128.jpg 300w, https:\/\/katarina.dezman.org\/wp-content\/uploads\/2019\/08\/1565389799465-768x329.jpg 768w, https:\/\/katarina.dezman.org\/wp-content\/uploads\/2019\/08\/1565389799465.jpg 2048w\" sizes=\"auto, (max-width: 706px) 89vw, (max-width: 767px) 82vw, 740px\" \/><figcaption>Vse fotografije: Andrej Kokalj<\/figcaption><\/figure>\n\n\n\n<p>Dodatno so v tem podprte predvsem mamice, za katere sem ustvarila letak, v katerem  zgodbo iz pravljice povezujem z razli\u010dnimi fazami \u017eenskega cikla. Spodbuditi jih \u017eelim, da so\u010dasno poskrbijo tudi zase, saj se vse preve\u010dkrat zgodi, da skrb za otroke prevlada nad tem, kar same potrebujejo.<\/p>\n\n\n\n<p>Za naro\u010dilo pravljice mi pi\u0161i na info@dezman.org, njena vrednost je 21 eur (po\u0161tnina vklju\u010dena).<\/p>\n","protected":false},"excerpt":{"rendered":"<p>DRAGA LUNA, LAHKO NO\u010c Draga Luna, lahko no\u010d je pravljica, ki je nastala v \u010dasu druge porodni\u0161ke, ko sem se \u0161e bolj za\u010dela zavedati, da sem mama dvema h\u010derkama. In da to prina\u0161a novo dimenzijo odgovornosti spremljanja njiju v zavestno \u017eivljenje \u017eensk, ki bosta postali. Ker sama \u017eensko cikli\u010dnost \u010dutim kot mo\u010dno podporo zavestnega \u017eivljenja, &hellip; <\/p>\n<p class=\"link-more\"><a href=\"https:\/\/katarina.dezman.org\/?page_id=74\" class=\"more-link\">Preberi ve\u010d<span class=\"screen-reader-text\"> &#8220;Izdelki&#8221;<\/span><\/a><\/p>\n","protected":false},"author":2,"featured_media":0,"parent":0,"menu_order":0,"comment_status":"closed","ping_status":"closed","template":"","meta":{"footnotes":""},"class_list":["post-74","page","type-page","status-publish","hentry"],"_links":{"self":[{"href":"https:\/\/katarina.dezman.org\/index.php?rest_route=\/wp\/v2\/pages\/74","targetHints":{"allow":["GET"]}}],"collection":[{"href":"https:\/\/katarina.dezman.org\/index.php?rest_route=\/wp\/v2\/pages"}],"about":[{"href":"https:\/\/katarina.dezman.org\/index.php?rest_route=\/wp\/v2\/types\/page"}],"author":[{"embeddable":true,"href":"https:\/\/katarina.dezman.org\/index.php?rest_route=\/wp\/v2\/users\/2"}],"replies":[{"embeddable":true,"href":"https:\/\/katarina.dezman.org\/index.php?rest_route=%2Fwp%2Fv2%2Fcomments&post=74"}],"version-history":[{"count":9,"href":"https:\/\/katarina.dezman.org\/index.php?rest_route=\/wp\/v2\/pages\/74\/revisions"}],"predecessor-version":[{"id":416,"href":"https:\/\/katarina.dezman.org\/index.php?rest_route=\/wp\/v2\/pages\/74\/revisions\/416"}],"wp:attachment":[{"href":"https:\/\/katarina.dezman.org\/index.php?rest_route=%2Fwp%2Fv2%2Fmedia&parent=74"}],"curies":[{"name":"wp","href":"https:\/\/api.w.org\/{rel}","templated":true}]}}