{"id":72,"date":"2019-08-06T00:15:07","date_gmt":"2019-08-05T22:15:07","guid":{"rendered":"https:\/\/katarina.dezman.org\/?page_id=72"},"modified":"2024-11-29T11:25:34","modified_gmt":"2024-11-29T10:25:34","slug":"o-meni","status":"publish","type":"page","link":"https:\/\/katarina.dezman.org\/?page_id=72","title":{"rendered":"O meni"},"content":{"rendered":"\n<p>\u017divjo!<\/p>\n\n\n\n<p>sem Katarina in tukaj delim del\u010dek moje osebne zgodbe.<\/p>\n\n\n\n<p>Moja pot se je za\u010dela z dvema mo\u010dnima izku\u0161njama porodov, rojstvo tretje h\u010derke pa je prineslo prepoznavo, kaj vse je mo\u017eno, ko se res postavim v svojo mo\u010d.  <a href=\"https:\/\/katarina.dezman.org\/?p=210\">Prvi porod<\/a> brez protibole\u010dinskih sredstev me je opolnomo\u010dil in transformiral, postavil me je nazaj na za\u010detek, kjer sem znova za\u010dela odkrivati, kdo sem. In <a href=\"https:\/\/katarina.dezman.org\/?p=217\">mesec pred rojstvom druge h\u010derke<\/a> je bil intenzivna izku\u0161nja u\u010denja za celo \u017eivljenje, v njem sem \u0161e bolj za\u010dela zaupati vase in v odlo\u010ditve, ki jih sprejemam iz sebe. <\/p>\n\n\n<div class=\"wp-block-image\">\n<figure class=\"aligncenter size-large\"><img loading=\"lazy\" decoding=\"async\" width=\"1024\" height=\"681\" src=\"https:\/\/katarina.dezman.org\/wp-content\/uploads\/2023\/10\/URI_3883-1024x681.jpg\" alt=\"\" class=\"wp-image-748\" srcset=\"https:\/\/katarina.dezman.org\/wp-content\/uploads\/2023\/10\/URI_3883-1024x681.jpg 1024w, https:\/\/katarina.dezman.org\/wp-content\/uploads\/2023\/10\/URI_3883-300x200.jpg 300w, https:\/\/katarina.dezman.org\/wp-content\/uploads\/2023\/10\/URI_3883-768x511.jpg 768w, https:\/\/katarina.dezman.org\/wp-content\/uploads\/2023\/10\/URI_3883-1536x1022.jpg 1536w, https:\/\/katarina.dezman.org\/wp-content\/uploads\/2023\/10\/URI_3883-2048x1362.jpg 2048w\" sizes=\"auto, (max-width: 706px) 89vw, (max-width: 767px) 82vw, 740px\" \/><\/figure>\n<\/div>\n\n\n<p>Ko sem si nato dala dovoljenje, da se tudi sama rodim na novo, mi je \u017eivljenje prineslo stik z angeli.  Odlo\u010dala sem se, ali grem po prete\u010denem porodni\u0161kem dopustu nazaj v slu\u017ebo, kjer sem bila tako pod stresom, da sem zbolela. Globoko v sebi sem \u010dutila, da je pomembno, da v prvi vrsti mislim nase in na svojo dru\u017eino. Sodelovanje z angeli me je pri tem mo\u010dno podprlo z zavedanjem, da v sebi nosim veliko ve\u010d, kot sem v tistem trenutku \u010dutila sama. Zaupala sem in se odlo\u010dila, da ostanem doma. <\/p>\n\n\n\n<p>S tem sem odprla polje za mo\u017enosti, ki prej v mojem svetu niso imele prostora. Izdala sem pravljico <a href=\"https:\/\/katarina.dezman.org\/?page_id=74\">Draga Luna, lahko no\u010d<\/a> z mo\u010dnim sporo\u010dilom cikli\u010dnosti \u017eivljenja. In glavni premik je bil, da sem se preko te\u010daja kanaliziranja sama za\u010dela povezovati z angeli ter prena\u0161ati njihovo \u010dudovito zavest zase in za druge.  <\/p>\n\n\n\n<p>V \u010dasu, ko se je moja samostojna pot medija za\u010dela dobro postavljati, je v na\u0161e \u017eivljenje pri\u0161la \u0161e ena \u010dudovita du\u0161a.  Do\u017eivljanje nose\u010dnosti in priprava na porod v \u010dasu epidemije je bilo na trenutke izjemno zahtevno. Negotovost je bila ves \u010das prisotna in ravno stik z mojim duhovnim vodstvom me je vedno znova vra\u010dal v pomirjenost in \u010dutenje mojih top izbir.  <a href=\"https:\/\/katarina.dezman.org\/?p=382#more-382\">Porod doma<\/a> je bil ponovna izjemna izku\u0161nja in vzela sem si mirno leto porodni\u0161ke, da po tej mo\u010dni izku\u0161nji lahko \u0161e v ve\u010djem zaupanju vase in v jasnost ter podporo duhovnega vodstva  pridem nazaj tudi kot medij zate. <\/p>\n\n\n\n<p>A tukaj \u0161e ni konec &#8211; dlje kot sem kanalizirala, bolj sem spoznavala, da nisem samo medij. <\/p>\n\n\n\n<p>Da sem lahko ve\u010dji doprinos kot to, da prena\u0161am sporo\u010dila. Ko sem se za\u010dela odpirati novi poti naprej, je v moje \u017eivljenje pri\u0161la energijska transmisija. &nbsp;Metoda, s katero se razre\u0161ujejo omejujo\u010di vzorci na energijskem nivoju. Navzven deluje kot meditacija (vodena ali v ti\u0161ini), a energijsko gre globlje \u2013 kot da bi razvezala vozle tvojega \u017eivljenja ne energijskih nivojih. Hkrati pa krepi ljubezen do sebe, zaupanje vase in zdrav odnos do svoje notranje mo\u010di.&nbsp; Zelo preprosto, a izjemno globoko in podporno.<\/p>\n\n\n\n<p>Tako zdaj dojemam sebe kot povezovalko fizi\u010dne in energijske realnosti in z veseljem pu\u0161\u010dam odprt prostor za to, kaj mi \u017eivljenje \u0161e prinese.<\/p>\n\n\n\n<p>Sem \u017eenska, \u017eena, mami, podjetnica in ves \u010das i\u0161\u010dem ravnovesje med vsem tem. V\u010dasih je la\u017eje, v\u010dasih je te\u017eje, ampak odkar \u017eivim bolj v stiku s seboj, je tudi v te\u017ekih trenutkih lahkotneje. Veliko \u010dasa pre\u017eivim v naravi, u\u017eivam z dru\u017eino, hodim bosa in berem. Bolj zavestna pa sem tudi v odnosih, predvsem ob tem, ko spremljam tri \u010dudovite deklice v \u017eivljenje.<\/p>\n\n\n<div class=\"wp-block-image\">\n<figure class=\"aligncenter size-large\"><img loading=\"lazy\" decoding=\"async\" width=\"681\" height=\"1024\" src=\"https:\/\/katarina.dezman.org\/wp-content\/uploads\/2023\/10\/URI_4583-681x1024.jpg\" alt=\"\" class=\"wp-image-750\" srcset=\"https:\/\/katarina.dezman.org\/wp-content\/uploads\/2023\/10\/URI_4583-681x1024.jpg 681w, https:\/\/katarina.dezman.org\/wp-content\/uploads\/2023\/10\/URI_4583-200x300.jpg 200w, https:\/\/katarina.dezman.org\/wp-content\/uploads\/2023\/10\/URI_4583-768x1154.jpg 768w, https:\/\/katarina.dezman.org\/wp-content\/uploads\/2023\/10\/URI_4583-1022x1536.jpg 1022w, https:\/\/katarina.dezman.org\/wp-content\/uploads\/2023\/10\/URI_4583-1362x2048.jpg 1362w, https:\/\/katarina.dezman.org\/wp-content\/uploads\/2023\/10\/URI_4583-scaled.jpg 1703w\" sizes=\"auto, (max-width: 681px) 100vw, 681px\" \/><\/figure>\n<\/div>\n\n\n<p><\/p>\n\n\n\n<p>V kolikor te kli\u010de, lahko poslu\u0161a\u0161 podcast epizode, v katerih sem bila gostja:<\/p>\n\n\n\n<ul class=\"wp-block-list\">\n<li>Pogovor z Davidom Kopriv\u0161kom o meni in mojem delu: <a href=\"https:\/\/youtu.be\/YgIOgT5HE9k?si=ZuSLM_h5S5ORXt6p\">https:\/\/youtu.be\/YgIOgT5HE9k?si=ZuSLM_h5S5ORXt6phttps:\/\/youtu.be\/YgIOgT5HE9k?si=ZuSLM_h5S5ORXt6p<\/a><\/li>\n\n\n\n<li>Podcast Darovi materinstva, epizoda 26: H\u010derke me preobra\u017eajo v \u017eensko: <a href=\"https:\/\/podcasts.apple.com\/is\/podcast\/26-katarina-de%C5%BEman-h%C4%8Derke-me-preobra%C5%BEajo-v-%C5%BEensko\/id1532355979?i=1000518895707\">https:\/\/podcasts.apple.com\/is\/podcast\/26-katarina-de%C5%BEman-h%C4%8Derke-me-preobra%C5%BEajo-v-%C5%BEensko\/id1532355979?i=1000518895707<\/a><\/li>\n\n\n\n<li>Podcast Med zemljo in nebom: epizoda 6: Nekonvencionalne izbire v \u017eivljenju:  <a href=\"https:\/\/open.spotify.com\/episode\/698LQ67U1XiMgLo5SlAxoM\">https:\/\/open.spotify.com\/episode\/698LQ67U1XiMgLo5SlAxoM<\/a><\/li>\n<\/ul>\n\n\n\n<p>Katarina <\/p>\n\n\n\n<p><\/p>\n\n\n\n<p><strong>Podatki o podjetju:<\/strong><\/p>\n\n\n\n<p><em>Ime podjetja: Katarina Xara, druge storitvene dejavnosti, Katarina De\u017eman s.p.<\/em><\/p>\n\n\n\n<p><em>Sede\u017e podjetja: Drago\u010dajna 109, 1216 Smlednik, Medvode<\/em><\/p>\n\n\n\n<p><em>Mati\u010dna \u0161tevilka (Poslovni register Slovenije): 8481598000<\/em><\/p>\n\n\n\n<p><em>Dav\u010dna \u0161tevilka: 34828648 (ni zavezanec za DDV)<\/em><\/p>\n","protected":false},"excerpt":{"rendered":"<p>\u017divjo! sem Katarina in tukaj delim del\u010dek moje osebne zgodbe. Moja pot se je za\u010dela z dvema mo\u010dnima izku\u0161njama porodov, rojstvo tretje h\u010derke pa je prineslo prepoznavo, kaj vse je mo\u017eno, ko se res postavim v svojo mo\u010d. Prvi porod brez protibole\u010dinskih sredstev me je opolnomo\u010dil in transformiral, postavil me je nazaj na za\u010detek, kjer &hellip; <\/p>\n<p class=\"link-more\"><a href=\"https:\/\/katarina.dezman.org\/?page_id=72\" class=\"more-link\">Preberi ve\u010d<span class=\"screen-reader-text\"> &#8220;O meni&#8221;<\/span><\/a><\/p>\n","protected":false},"author":2,"featured_media":0,"parent":0,"menu_order":0,"comment_status":"closed","ping_status":"closed","template":"","meta":{"footnotes":""},"class_list":["post-72","page","type-page","status-publish","hentry"],"_links":{"self":[{"href":"https:\/\/katarina.dezman.org\/index.php?rest_route=\/wp\/v2\/pages\/72","targetHints":{"allow":["GET"]}}],"collection":[{"href":"https:\/\/katarina.dezman.org\/index.php?rest_route=\/wp\/v2\/pages"}],"about":[{"href":"https:\/\/katarina.dezman.org\/index.php?rest_route=\/wp\/v2\/types\/page"}],"author":[{"embeddable":true,"href":"https:\/\/katarina.dezman.org\/index.php?rest_route=\/wp\/v2\/users\/2"}],"replies":[{"embeddable":true,"href":"https:\/\/katarina.dezman.org\/index.php?rest_route=%2Fwp%2Fv2%2Fcomments&post=72"}],"version-history":[{"count":28,"href":"https:\/\/katarina.dezman.org\/index.php?rest_route=\/wp\/v2\/pages\/72\/revisions"}],"predecessor-version":[{"id":998,"href":"https:\/\/katarina.dezman.org\/index.php?rest_route=\/wp\/v2\/pages\/72\/revisions\/998"}],"wp:attachment":[{"href":"https:\/\/katarina.dezman.org\/index.php?rest_route=%2Fwp%2Fv2%2Fmedia&parent=72"}],"curies":[{"name":"wp","href":"https:\/\/api.w.org\/{rel}","templated":true}]}}