{"id":473,"date":"2022-02-06T21:24:09","date_gmt":"2022-02-06T20:24:09","guid":{"rendered":"https:\/\/katarina.dezman.org\/?page_id=473"},"modified":"2026-01-05T09:50:54","modified_gmt":"2026-01-05T08:50:54","slug":"cenik-in-narocanje","status":"publish","type":"page","link":"https:\/\/katarina.dezman.org\/?page_id=473","title":{"rendered":"Cenik in naro\u010danje"},"content":{"rendered":"\n<p><strong>Moje angelsko sporo\u010dilo (1 vpra\u0161anje s podvpra\u0161anji in energijsko transmisijo) &#8211; 65 eur <\/strong><\/p>\n\n\n\n<p><strong>Moje angelsko sporo\u010dilo ( 2 vpra\u0161anji s podvpra\u0161anji <strong>in energijsko transmisijo<\/strong>) &#8211;  100 eur <\/strong><\/p>\n\n\n\n<p><strong>Moje angelsko sporo\u010dilo (3 vpra\u0161anja s podvpra\u0161anji <strong>in energijsko transmisijo<\/strong>) &#8211; 135 eur<\/strong><\/p>\n\n\n\n<p><strong>Energijska terapija  &#8211; 130 eur<\/strong><\/p>\n\n\n\n<p><strong>Moja ura jasnosti (individualno sre\u010danje z energijsko transmisijo) &#8211;<\/strong> <strong>170 eur<\/strong><\/p>\n\n\n\n<p>Svoj termin za individualno sre\u010danje najde\u0161 tukaj (klikne\u0161 nanj in vpi\u0161e\u0161 svoje podatke): <a href=\"https:\/\/narocanje.dezman.org\/book-an-appointment\">https:\/\/narocanje.dezman.org\/book-an-appointment<\/a><\/p>\n\n\n\n<p>Opomba: Vse termine za Energijsko terapijo ali Mojo uro jasnosti lahko izpeljeva v \u017eivo ali preko spleta.<\/p>\n\n\n\n<p><strong>Podalj\u0161anje sre\u010danja Moja ura jasnosti &#8211; vsakih nadaljnjih 15 minut &#8211; 35 eur<\/strong><\/p>\n\n\n\n<p><strong>Pravljica Draga luna, lahko no\u010d &#8211; 21 eur (po\u0161tnina je vklju\u010dena v ceno)<\/strong><\/p>\n\n\n\n<p class=\"has-small-font-size\"><\/p>\n\n\n\n<p>Vse storitve na daljavo ter pravljico pa naro\u010di\u0161 tako, da mi po\u0161lje\u0161 sporo\u010dilo na <em><strong>info@dezman.org.<\/strong><\/em><\/p>\n\n\n\n<p class=\"has-small-font-size\">Cenik je veljaven od 01.01.2026<\/p>\n\n\n\n<p class=\"has-small-font-size\">Nobena od storitev ni zamenjava za mnenje zdravnika ali drugega svetovalca, stranka se zanjo odlo\u010di na lastno odgovornost.<\/p>\n","protected":false},"excerpt":{"rendered":"<p>Moje angelsko sporo\u010dilo (1 vpra\u0161anje s podvpra\u0161anji in energijsko transmisijo) &#8211; 65 eur Moje angelsko sporo\u010dilo ( 2 vpra\u0161anji s podvpra\u0161anji in energijsko transmisijo) &#8211; 100 eur Moje angelsko sporo\u010dilo (3 vpra\u0161anja s podvpra\u0161anji in energijsko transmisijo) &#8211; 135 eur Energijska terapija &#8211; 130 eur Moja ura jasnosti (individualno sre\u010danje z energijsko transmisijo) &#8211; 170 &hellip; <\/p>\n<p class=\"link-more\"><a href=\"https:\/\/katarina.dezman.org\/?page_id=473\" class=\"more-link\">Preberi ve\u010d<span class=\"screen-reader-text\"> &#8220;Cenik in naro\u010danje&#8221;<\/span><\/a><\/p>\n","protected":false},"author":2,"featured_media":0,"parent":0,"menu_order":4,"comment_status":"closed","ping_status":"closed","template":"","meta":{"footnotes":""},"class_list":["post-473","page","type-page","status-publish","hentry"],"_links":{"self":[{"href":"https:\/\/katarina.dezman.org\/index.php?rest_route=\/wp\/v2\/pages\/473","targetHints":{"allow":["GET"]}}],"collection":[{"href":"https:\/\/katarina.dezman.org\/index.php?rest_route=\/wp\/v2\/pages"}],"about":[{"href":"https:\/\/katarina.dezman.org\/index.php?rest_route=\/wp\/v2\/types\/page"}],"author":[{"embeddable":true,"href":"https:\/\/katarina.dezman.org\/index.php?rest_route=\/wp\/v2\/users\/2"}],"replies":[{"embeddable":true,"href":"https:\/\/katarina.dezman.org\/index.php?rest_route=%2Fwp%2Fv2%2Fcomments&post=473"}],"version-history":[{"count":51,"href":"https:\/\/katarina.dezman.org\/index.php?rest_route=\/wp\/v2\/pages\/473\/revisions"}],"predecessor-version":[{"id":1073,"href":"https:\/\/katarina.dezman.org\/index.php?rest_route=\/wp\/v2\/pages\/473\/revisions\/1073"}],"wp:attachment":[{"href":"https:\/\/katarina.dezman.org\/index.php?rest_route=%2Fwp%2Fv2%2Fmedia&parent=473"}],"curies":[{"name":"wp","href":"https:\/\/api.w.org\/{rel}","templated":true}]}}