{"id":44,"date":"2019-08-05T23:18:41","date_gmt":"2019-08-05T21:18:41","guid":{"rendered":"https:\/\/katarina.dezman.org\/?page_id=44"},"modified":"2023-03-02T11:03:18","modified_gmt":"2023-03-02T10:03:18","slug":"pogosta-vprasanja-in-odgovori","status":"publish","type":"page","link":"https:\/\/katarina.dezman.org\/?page_id=44","title":{"rendered":"Pogosta vpra\u0161anja in odgovori &#8211; stara"},"content":{"rendered":"\n<p><strong>Kaj je kanaliziranje?<\/strong> <strong>Kdo so duhovni zavezniki, angeli, kako mi lahko pomagajo in kaj se dogaja med kanaliziranjem?<\/strong><\/p>\n\n\n\n<p>Kanaliziranje je proces, v katerem se pove\u017eem  s tvojimi duhovnimi zavezniki, angeli in ti prenesem njihove informacije ter energijo.<\/p>\n\n\n\n<p>Angele si ljudje najve\u010dkrat predstavljamo kot bitja s krili, ki nas spremljajo in varujejo. Velikokrat se omenja tudi izraz bo\u017eji poslanci, glasniki ali kaj podobnega. Glasniki, poslanci \u010desa? Boga, Vesolja, Univerzalne zavesti, Univerzuma, Izvora, Kreatorja ~ veliko izrazov je, s katerimi ljudje poimenujemo silo, zavest, iz katere izhajajo na\u0161e du\u0161e.  <\/p>\n\n\n\n<hr class=\"wp-block-separator has-css-opacity\"\/>\n\n\n\n<p>Angele do\u017eivljam kot ene od mnogih duhovih zaveznikov (lahko bi rekli tudi duhovnega vodstva), saj jih vse, z razli\u010dnimi energijami, \u010dutim kot pismono\u0161e, ki nosijo sporo\u010dila iz te zavesti. Hkrati pa so tudi prevajalci, da ljudje to podporo in vodstvo lahko razumemo in konkretno prenesemo v \u017eivljenje. <\/p>\n\n\n\n<p>Ko se pove\u017eem z njimi, zate prenesem njihova sporo\u010dila in energijo. Najprej odprejo tvoje srce, da la\u017eje za\u010duti\u0161 vibracijo ljubezni, s katero so nato prenesena sporo\u010dila. Sporo\u010dila ti prinesejo jasnost glede situacij, ki te te\u017eijo, in  glede naslednjih korakov v tvojem \u017eivljenju. Hkrati pa te podprejo, da deluje\u0161 bolj v skladu s tem, kdo v resnici si. Tvoji duhovni zavezniki nosijo namre\u010d celostno zavest tega kdo si, kateri so tvoji darovi, v \u010dem si resni\u010dno dober, kateri so tvoji izzivi, kaj te najbolj rani in kako lahko to pozdravi\u0161. Za vse to ti lahko predajo jasnost. Na koncu se zgodi \u0161e zelo pomemben korak &#8211; energijska podpora zaveznikov, da se tvoja du\u0161na energija zavestno, intenzivno sidra v tvoje celice, v tvoje telo. Na ta na\u010din v resnici za\u010duti\u0161, kako \u010dudovita oseba si, la\u017eje \u010duti\u0161 svojo lastno vrednost in iz tega ob\u010dutka \u017eivi\u0161, sprejema\u0161 odlo\u010ditve in gre\u0161 naprej v \u017eivljenje.<\/p>\n\n\n\n<p>Sama duhovne zaveznike in angele do\u017eivljam predvsem preko \u010dutenja. Ob povezavi \u010dutim njihovo prisotnost, toplino. Ob tem resni\u010dno za\u010dutim pomen stavka, da je Bog v vsakem izmed nas, ker \u010dutim brezpogojno in brezmejno ljubezen.  <\/p>\n\n\n\n<p>Dojemam jih kot moje <mark style=\"background-color:rgba(0, 0, 0, 0)\" class=\"has-inline-color has-luminous-vivid-orange-color\">sodelavce<\/mark> v tem \u017eivljenju &#8211; z njimi se lahko posvetujem, debatiram, se s kak\u0161no stvarjo tudi ne strinjam. Ne dojemam jih kot \u0161efe, ki bi jim brezpogojno sledila, ampak razvijam z njimi odnos sodelovanja in dovoljujem, da mi kak\u0161en nasvet ali perspektiva v\u010dasih ni v\u0161e\u010d. Na podlagi tega so mi \u010dudovita podpora, hkrati pa ohranjam mo\u010d odlo\u010danja (in odgovornost) v svojih rokah.<\/p>\n\n\n\n<p><strong>Kaj lahko pri\u010dakujem?<\/strong><\/p>\n\n\n\n<p>Kanaliziranje te v poplavi informacij v dana\u0161njem svetu usmeri v prakse, ki delujejo konkretno zate. Namesto da prebere\u0161 ogromno knjig ali dolgo testira\u0161 kaj zate deluje in kaj ne, tukaj dobi\u0161 jasnost, preko katerih praks se ti v \u017eivljenju najbolje podpre\u0161.  Dobi\u0161 \u010dudovito jasnost, kaj kot du\u0161a nosi\u0161 na svet, kaj so tvoji potenciali in kako konkretno svoje darove negovati in razvijati. Zgodi se tudi, da dobi\u0161 <mark style=\"background-color:rgba(0, 0, 0, 0)\" class=\"has-inline-color has-luminous-vivid-orange-color\">veliko potrditev<\/mark> za stvari, ki jih \u017ee ve\u0161 znotraj sebe, pa si \u0161e ne zaupa\u0161. To je odli\u010dno, saj ti lahko da \u010dudovito popotnico za naprej, da si v prihodnosti la\u017eje zaupa\u0161.<\/p>\n\n\n\n<p>Ko si v stiski, ko se ti pojavljajo dolo\u010dene situacije (te\u017eave z zdravjem, v odnosih, v karieri,&#8230;) dobi\u0161 jasnost, \u010desa te to u\u010di in kaj lahko stori\u0161, da stopi\u0161 iz tega za\u010daranega kroga. Vedno dobi\u0161 informacije, jasnost, ki te<mark style=\"background-color:rgba(0, 0, 0, 0)\" class=\"has-inline-color has-vivid-cyan-blue-color\"> <\/mark><mark style=\"background-color:rgba(0, 0, 0, 0)\" class=\"has-inline-color has-luminous-vivid-orange-color\">v tem trenutku<\/mark> opolnomo\u010di in se ti pomaga premakniti naprej. Lahko se zgodi, da ti dolo\u010dene informacije ne bodo v\u0161e\u010d, ker imajo tvoji mo\u017egani idejo, kaj \u017eelijo sli\u0161at, zadaj pa se v izvoru tvoje te\u017eave skriva nekaj drugega &#8211; kar je odli\u010dno. Na ta na\u010din lahko za\u010dne\u0161 v svojem \u017eivljenju odpravljati vzrok nekega izziva, ne samo simptoma.<\/p>\n\n\n\n<p>\u010ce si mamica, lahko izve\u0161, kako najbolje podpre\u0161 svoje otroke na njihovih poteh. In \u010de si nose\u010dka, lahko \u017ee v \u010dasu nose\u010dnosti dobi\u0161 jasnost, kak\u0161na du\u0161ica prihaja v tvoje \u017eivljenje, kako se podpreti med nose\u010dnostjo, med porodom in v poporodnem obdobju.<\/p>\n\n\n\n<p><mark style=\"background-color:rgba(0, 0, 0, 0)\" class=\"has-inline-color has-luminous-vivid-orange-color\">Kanaliziranje ni vede\u017eevanje<\/mark> &#8211; torej ne dobi\u0161 napovedane usode ali \u010darobnega gumba, ki bi v hipu re\u0161il vse. Dobi\u0161 veliko ve\u010d kot to &#8211; konkretna navodila in prakse, ki ti pomagajo, da v svojem \u017eivljenju v tem trenutku deluje\u0161 v svoji mo\u010di.<\/p>\n\n\n\n<p><strong>Kako se je meni (Katarini) spremenilo \u017eivljenje, odkar kanaliziram?<\/strong><\/p>\n\n\n\n<p>Sama kanaliziranje \u010dutim kot nekaj, kar v moje \u017eivljenje prina\u0161a jasnost, ki me opolnomo\u010di, da la\u017eje sama sprejem odlo\u010ditev v dolo\u010deni situaciji.  Na tak na\u010din se podprem v konkretnih situacijah, ki so izziv v nekem trenutku.  Priznam pa, da grem vedno manjkrat kanalizirat zase z namenom iskanja informacij, ker veliko vrednost vidim v tem, da se med kanaliziranjem moja du\u0161na energija bolj intenzivno sidra v moje telo. Na ta na\u010din veliko bolj \u010dutim sebe, svojo resnico v vsakdanjem \u017eivljenju in res \u010dutim svojo notranjo mo\u010d.<\/p>\n\n\n\n<p>\u017divim z diagnozo dveh kroni\u010dnih bolezni in brez enega medvreten\u010dnega diska &#8211; brez te\u017eav, ker vem, kako podpreti svoje telo. Ko imajo izzive h\u010derke (prehlad, bole\u010d trebu\u0161\u010dek, odlo\u010ditve glede \u0161olanja, hobijev,..), dobim jasnost, kako jih lahko v tistem trenutku podprem. La\u017eje jih tudi vidim v tem, kdo so kot du\u0161e, ki so pri\u0161le na svet in temu prilagodim vzgojo &#8211; da jih podrem na njihovih poteh. Vodstvo je bila velika podpora pri nakupu hi\u0161e (kako komunicirati z lastniki, na kaj morava biti pozorna pri kreditu, &#8230;), pri odlo\u010ditvi za porod doma v \u010dasu prepovedi porodov doma, pri nakupu avtomobila in izbiri terapevtov, izobra\u017eevanj, ljudi, s katerimi sodelujem. Veliko la\u017eje tudi \u010dutim svoje du\u0161no poslanstvo in njegov izraz razvijam.<\/p>\n\n\n\n<p>V\u0161e\u010d mi je, da dobim jasnost, mo\u010d odlo\u010ditve pa je \u0161e vedno  v mojih rokah. <\/p>\n\n\n\n<p><strong>Kako pogosto moram priti, da deluje?<\/strong><\/p>\n\n\n\n<p>Tvoje \u017eivljenje se lahko spremeni \u017ee po enem samem sre\u010danju. Dobi\u0161 usmeritve za svoje \u017eivljenje in ko jih da\u0161 v prakso, se dejansko za\u010dnejo dogajati spremembe. Nimam \u010darobnega gumba, po katerem bi bilo kar naenkrat vse druga\u010de. Ima\u0161 ga pa ti ~ z odlo\u010ditvijo, da to, kar ti je bilo predano, prenese\u0161 v svoje \u017eivljenje. <\/p>\n\n\n\n<p>Sama sem opazila, da se ljudje najve\u010dkrat vrnejo po pol leta, mogo\u010de letu ali celo dveh, ko vmes zrastejo in se pojavijo druga\u010dni izzivi ter potreba po novih usmeritvah.  V\u010dasih pa \u017eelijo v kraj\u0161em obdobju ve\u010d jasnosti za razli\u010dna podro\u010dja in pridejo 2x mese\u010dno, potem pa si vzamejo \u010das, da to dajo v prakso. Za\u010duti\u0161 zase.<\/p>\n\n\n\n<p><strong>Kako se naro\u010dim na izbrano storitev?<\/strong><\/p>\n\n\n\n<p>Naro\u010danje poteka preko<a href=\"http:\/\/narocanje.dezman.org\/book-an-appointment\"> elektronskega obrazca<\/a>. Najprej izbere\u0161 svoj \u017eeleni termin, vpi\u0161e\u0161 svoje podatke in izbrano storitev. Ko klikne\u0161 na gumb Rezerviraj, dobi\u0161 e-mail z nadaljnjimi navodili. Preveri tudi vsiljeno po\u0161to in zavihek promocije. V kolikor nima\u0161 e-maila, pojdi na isti obrazec, vpi\u0161i svojo telefonsko \u0161tevilko in nadaljnja navodila dobi\u0161 po SMS sporo\u010dilu.<br>V tem e-mailu\/SMS-u ima\u0161 navedene podatke za pla\u010dilo termina (mo\u017eno je preko spleta ali z gotovino na sre\u010danju). Ko je pla\u010dilo izvedeno, je s tem tvoj termin potrjen in takrat dobi\u0161 e-mail z navodili za pripravo na sre\u010danje in s to\u010dno lokacijo sre\u010danja oziroma povezavo v primeru sre\u010danja preko spleta.  V kolikor \u017eeli\u0161 ob samem sre\u010danju pla\u010dati z gotovino, te prosim, da mi ob rezervaciji termina po\u0161lje\u0161 obvestilo o tem, da \u017eeli\u0161 pla\u010dilo z gotovino na info@dezman.org.<br> V primeru kakr\u0161nihkoli te\u017eav mi pi\u0161i na info@dezman.org.<\/p>\n\n\n\n<hr class=\"wp-block-separator has-css-opacity\"\/>\n\n\n\n<p><strong>Kako poteka sre\u010danje?<\/strong><\/p>\n\n\n\n<p>Ko se odlo\u010di\u0161 za sre\u010danje, po rezervaciji termina dobi\u0161 to\u010dno lokacijo (sre\u010danje poteka v okolici Medvod pri Ljubljani) ali povezavo do Zoom-a. Na sre\u010danje v vsakem primeru pridi dobrih 5 minut pred terminom, da se v miru spoznava, da se namesti\u0161 in da vidiva, \u010de je \u0161e kak\u0161na nejasnost glede samega poteka sre\u010danja.  <\/p>\n\n\n\n<p>Prvih nekaj minut sre\u010danja nameniva kratkemu pogovoru o tem, kaj te je na sre\u010danje poklicalo ter o samem poteku sre\u010danja.<\/p>\n\n\n\n<p>Nato sledi dobra ura kanaliziranja (cca 70 minut). Jaz zaprem o\u010di, se pove\u017eem s tvojimi duhovnimi zavezniki, angeli (kar traja par minut). Najprej si vzamejo nekaj minut, da tebe, tvoje telo pripravijo na sre\u010danje. Da aktivirajo energijsko podporo in integracijo tvoje du\u0161e in telesa, ki se dogaja tekom celega sre\u010danja.  Nato  predam prvo sporo\u010dilo, ki ti ga sami \u017eelijo predati in ki se jim v tem trenutku zdi zate pomembno. Ko s tem zaklju\u010dijo, je na vrsti prostor za tvoja vpra\u0161anja, kar ti jasno povejo. Del sre\u010danja, kateremu so namenjena beseda sporo\u010dila, traja cca 60 minut. Na koncu si vzamemo \u0161e nekaj minut, da se vse sli\u0161ano la\u017eje integrira v tvoje \u017eivljenje in da resni\u010dno za\u010duti\u0161 svojo mo\u010d znotraj sebe. <\/p>\n\n\n\n<p>V procesu imam ves \u010das zaprte o\u010di, ti ima\u0161 lahko odprte.<\/p>\n\n\n\n<p><strong>Zakaj sre\u010danje posnamem?<\/strong><\/p>\n\n\n\n<p>V kolikor se strinja\u0161, sre\u010danje posnamem in ti posnetek po\u0161ljem (pri sebi ga nato zaradi varovanja podatkov izbri\u0161em). <mark style=\"background-color:rgba(0, 0, 0, 0)\" class=\"has-inline-color has-luminous-vivid-orange-color\">To je moje darilo tebi.<\/mark><\/p>\n\n\n\n<p>To se mi zdi pomembno z ve\u010d vidikov:<\/p>\n\n\n\n<ul class=\"wp-block-list\">\n<li>ne potrebuje\u0161 razmi\u0161ljati o tem, da bo\u0161 res vse zapisal\/a in si zato na sre\u010danju bolj prisoten\/a, mo\u010dneje ga do\u017eivi\u0161, za\u010duti\u0161 in s tem la\u017eje kasneje da\u0161 stvari v prakso<\/li>\n\n\n\n<li>v eni uri je veliko informacij in na ta na\u010din zagotoviva, da res vse ostanejo v tvojem polju<\/li>\n\n\n\n<li>ko posnetek poslu\u0161a\u0161 ve\u010dkrat, sli\u0161i\u0161 kaj novega, kar je na sre\u010danju mogo\u010de \u0161lo mimo tebe<\/li>\n\n\n\n<li>posnetek lahko poslu\u0161a\u0161 kasneje (\u010dez teden, 14 dni, 2 meseca,&#8230;) in se s tem vrne\u0161 v ob\u010dutke, ki si jih do\u017eivel na sre\u010danju, s tem za\u010duti\u0161 svojo mo\u010d<\/li>\n\n\n\n<li>posnetek  lahko poslu\u0161a\u0161 tudi, \u010de ima\u0161 kdaj kasneje vpra\u0161anje, ki se ti zdi na prvi pogled nepovezano z dogajanjem na sre\u010danju &#8211; da\u0161 namero, da znotraj posnetka sli\u0161i\u0161 stavek, ki te bo podprl v nekem izzivu in te lahko podpre, da se premakne\u0161 naprej<\/li>\n<\/ul>\n\n\n\n<hr class=\"wp-block-separator has-css-opacity\"\/>\n\n\n\n<p><strong>Kako naj se pripravim na sre\u010danje z angeli?<\/strong><\/p>\n\n\n\n<p>Predlagam ti, da si pred sre\u010danjem vzame\u0161 nekaj \u010dasa, da si zapi\u0161e\u0161 vpra\u0161anja, na katera bi \u017eelel\/a odgovor. Zato te vabim, da si spodaj prebere\u0161, kako postavljati dobra vpra\u0161anja. Ta vpra\u0161anja so zate, meni jih ne rabi\u0161 poslati vnaprej. <\/p>\n\n\n\n<p>V kolikor nima\u0161 specifi\u010dnih vpra\u0161anj ali potrebe, da si jih zapi\u0161e\u0161, brez te\u017eav pride\u0161 na sre\u010danje in se prepusti\u0161 toku.<\/p>\n\n\n\n<p>Izberi termin, v katerem ima\u0161 \u010dasovno dovolj svobode &#8211; da v miru in brez hitenja pride\u0161 na sre\u010danje pravo\u010dasno.  <\/p>\n\n\n\n<hr class=\"wp-block-separator has-css-opacity\"\/>\n\n\n\n<p><strong>Kak\u0161na vpra\u0161anja naj postavljam, da bom dobil\/a najbolj\u0161e odgovore?<\/strong><\/p>\n\n\n\n<p>Pri postavljanju vpra\u0161anj je pomembno, da gre\u0161 v bistvo vpra\u0161anja, si v tem konkreten in se hkrati postavi\u0161 v svojo mo\u010d. Dobrim vpra\u0161anjem sledijo dobri odgovori. Ne gre za to, da angeli ne poznajo jasnih odgovorov na bolj splo\u0161na vpra\u0161anja. <mark style=\"background-color:rgba(0, 0, 0, 0)\" class=\"has-inline-color has-luminous-vivid-orange-color\">Gre za to, da bolj kot so vpra\u0161anja globoka in iskrena, bolj se odpre tvoje srce. S tem ko si dovoli\u0161 biti ranljiv, iste besede za\u010duti\u0161 druga\u010de in sporo\u010dilo la\u017eje prenese\u0161 v svoje \u017eivljenje. <\/mark><\/p>\n\n\n\n<p>Vpra\u0161anja postavljaj iskreno, pogumno in tako, da gre\u0161 v bistvo, brez sramu in skrivanja. <\/p>\n\n\n\n<p>Spodaj ti podajam primere slabih in dobrih vpra\u0161anj, tematike \u017eivljenja in podro\u010dja, kjer \u017eeli\u0161 jasnost, pa lahko vstavi\u0161 poljubno.<\/p>\n\n\n\n<p>1. Primeri slabih vpra\u0161anj:<br><br>&#8211; Kdaj bom dobil novo slu\u017ebo?<br>&#8211; Kdaj se bo partner spremenil, da bo najino razmerje bolj\u0161e?<br>&#8211; Kako naj otroku dopovem, da dela nekaj narobe?<br>&#8211; Kdaj bom dobil vi\u0161jo pla\u010do?<\/p>\n\n\n\n<p>2. Primeri dobrih vpra\u0161anj (vse to lahko aplicira\u0161 na <mark style=\"background-color:rgba(0, 0, 0, 0)\" class=\"has-inline-color has-luminous-vivid-orange-color\">katerokoli podro\u010dje<\/mark> tvojega \u017eivljenja, \u017eelim ti pokazati, da res pojdi v <mark style=\"background-color:rgba(0, 0, 0, 0)\" class=\"has-inline-color has-luminous-vivid-orange-color\">zelo konkretna vpra\u0161anja<\/mark>, tudi na podro\u010djih, ki niso navedena):<\/p>\n\n\n\n<ul class=\"wp-block-list\">\n<li> <span style=\"background-color: rgba(51, 51, 51, 0.2); font-size: 1rem;\"><mark style=\"background-color:#ffffff\" class=\"has-inline-color\">V podjetju imam te\u017eave z zaposlenim _______(ime). <\/mark><\/span><em style=\"font-size: 1rem;\"><mark style=\"background-color:#ffffff\" class=\"has-inline-color\">\u010cesa me to u\u010di?<\/mark><\/em><span style=\"background-color: rgba(51, 51, 51, 0.2); font-size: 1rem;\"><mark style=\"background-color:#ffffff\" class=\"has-inline-color\"> <\/mark><\/span><em style=\"font-size: 1rem;\"><mark style=\"background-color:#ffffff\" class=\"has-inline-color\">Kako ga lahko podprem<\/mark><\/em><span style=\"background-color: rgba(51, 51, 51, 0.2); font-size: 1rem;\"><mark style=\"background-color:#ffffff\" class=\"has-inline-color\">, da bo v podjetju bolje deloval? <\/mark><\/span><em style=\"font-size: 1rem;\"><mark style=\"background-color:#ffffff\" class=\"has-inline-color\">Ali je zame primerno<\/mark><\/em><span style=\"background-color: rgba(51, 51, 51, 0.2); font-size: 1rem;\"><mark style=\"background-color:#ffffff\" class=\"has-inline-color\"> poslovno sodelovanje s podjetjem _______? <\/mark><\/span><em style=\"font-size: 1rem;\"><mark style=\"background-color:#ffffff\" class=\"has-inline-color\">Na kaj naj bom pozoren<\/mark><\/em><span style=\"background-color: rgba(51, 51, 51, 0.2); font-size: 1rem;\"><mark style=\"background-color:#ffffff\" class=\"has-inline-color\">? <\/mark><\/span><em style=\"font-size: 1rem;\"><mark style=\"background-color:#ffffff\" class=\"has-inline-color\">Katere besede naj uporabim<\/mark><\/em><span style=\"background-color: rgba(51, 51, 51, 0.2); font-size: 1rem;\"><mark style=\"background-color:#ffffff\" class=\"has-inline-color\"> pri promociji izdelka\/storitve________? <\/mark><\/span><em style=\"font-size: 1rem;\"><mark style=\"background-color:#ffffff\" class=\"has-inline-color\">Kdaj je najprimernej\u0161i \u010das<\/mark><\/em><span style=\"background-color: rgba(51, 51, 51, 0.2); font-size: 1rem;\"><mark style=\"background-color:#ffffff\" class=\"has-inline-color\"> za lansiranje izdelka ______? <\/mark><\/span><em style=\"font-size: 1rem;\"><mark style=\"background-color:#ffffff\" class=\"has-inline-color\">Na kaj naj bom pozoren<\/mark><\/em><span style=\"background-color: rgba(51, 51, 51, 0.2); font-size: 1rem;\"><mark style=\"background-color:#ffffff\" class=\"has-inline-color\"> pri postavljanju urnih postavk delavcem? <\/mark><\/span><em style=\"font-size: 1rem;\"><mark style=\"background-color:#ffffff\" class=\"has-inline-color\">Kako naj komuniciram<\/mark><\/em><span style=\"background-color: rgba(51, 51, 51, 0.2); font-size: 1rem;\"><mark style=\"background-color:#ffffff\" class=\"has-inline-color\"> na sestanku, kjer moram ______ odpustiti?<\/mark><\/span><\/li>\n\n\n\n<li><span style=\"background-color: rgba(51, 51, 51, 0.2); font-size: 1rem;\"><mark style=\"background-color:#ffffff\" class=\"has-inline-color\">Imam te\u017eave s srcem. <\/mark><\/span><em style=\"font-size: 1rem;\"><mark style=\"background-color:#ffffff\" class=\"has-inline-color\">Kako naj delujem<\/mark><\/em><span style=\"background-color: rgba(51, 51, 51, 0.2); font-size: 1rem;\"><mark style=\"background-color:#ffffff\" class=\"has-inline-color\">, da podprem svoje telo v procesu zdravljenja? Ali me zdravilo\/prehranski dodatek\/terapija ______(naziv zdravila,..) podpira? <\/mark><\/span><em style=\"font-size: 1rem;\"><mark style=\"background-color:#ffffff\" class=\"has-inline-color\">Ali me sodelovanje<\/mark><\/em><span style=\"background-color: rgba(51, 51, 51, 0.2); font-size: 1rem;\"><mark style=\"background-color:#ffffff\" class=\"has-inline-color\"> s terapevtom ______(ime) podpira? Ob kateri uri je za moje telo najbolje, da hodim spat? <\/mark><\/span><\/li>\n\n\n\n<li><em style=\"font-size: 1rem;\"><mark style=\"background-color:#ffffff\" class=\"has-inline-color\">\u010cesa me u\u010di<\/mark><\/em><span style=\"background-color: rgba(51, 51, 51, 0.2); font-size: 1rem;\"><mark style=\"background-color:#ffffff\" class=\"has-inline-color\"> odnos s  partnerjem <\/mark><\/span><em style=\"font-size: 1rem;\"><mark style=\"background-color:#ffffff\" class=\"has-inline-color\">Matejem<\/mark><\/em><span style=\"background-color: rgba(51, 51, 51, 0.2); font-size: 1rem;\"><mark style=\"background-color:#ffffff\" class=\"has-inline-color\">? <\/mark><\/span><em style=\"font-size: 1rem;\"><mark style=\"background-color:#ffffff\" class=\"has-inline-color\">Kako lahko izbolj\u0161am<\/mark><\/em><span style=\"background-color: rgba(51, 51, 51, 0.2); font-size: 1rem;\"><mark style=\"background-color:#ffffff\" class=\"has-inline-color\"> ta odnos? <\/mark><\/span><em style=\"font-size: 1rem;\"><mark style=\"background-color:#ffffff\" class=\"has-inline-color\">Kaj lahko storim<\/mark><\/em><span style=\"background-color: rgba(51, 51, 51, 0.2); font-size: 1rem;\"><mark style=\"background-color:#ffffff\" class=\"has-inline-color\">, da bom v odnosu \u010dutil ve\u010djo povezanost? <\/mark><\/span><em style=\"font-size: 1rem;\"><mark style=\"background-color:#ffffff\" class=\"has-inline-color\">Kako lahko delujem<\/mark><\/em><span style=\"background-color: rgba(51, 51, 51, 0.2); font-size: 1rem;\"><mark style=\"background-color:#ffffff\" class=\"has-inline-color\">, da v odnos vnesem ve\u010d spolnosti? Spolni polo\u017eaj ___ mi je zelo neprijeten. <\/mark><\/span><em style=\"font-size: 1rem;\"><mark style=\"background-color:#ffffff\" class=\"has-inline-color\">Kako naj to skomuniciram <\/mark><\/em><span style=\"background-color: rgba(51, 51, 51, 0.2); font-size: 1rem;\"><mark style=\"background-color:#ffffff\" class=\"has-inline-color\">s partnerjem? Res me moti njegovo smr\u010danje. <\/mark><\/span><em style=\"font-size: 1rem;\"><mark style=\"background-color:#ffffff\" class=\"has-inline-color\">Kako lahko sebe in njega podprem<\/mark><\/em><span style=\"background-color: rgba(51, 51, 51, 0.2); font-size: 1rem;\"><mark style=\"background-color:#ffffff\" class=\"has-inline-color\">, da bo za oba la\u017eje?<\/mark><\/span><em style=\"font-size: 1rem;\"><mark style=\"background-color:#ffffff\" class=\"has-inline-color\">Kako naj delujem<\/mark><\/em><span style=\"background-color: rgba(51, 51, 51, 0.2); font-size: 1rem;\"><mark style=\"background-color:#ffffff\" class=\"has-inline-color\">, da podprem sina <\/mark><\/span><em style=\"font-size: 1rem;\"><mark style=\"background-color:#ffffff\" class=\"has-inline-color\">Bla\u017ea<\/mark><\/em><span style=\"background-color: rgba(51, 51, 51, 0.2); font-size: 1rem;\"><mark style=\"background-color:#ffffff\" class=\"has-inline-color\">\/h\u010di <\/mark><\/span><em style=\"font-size: 1rem;\"><mark style=\"background-color:#ffffff\" class=\"has-inline-color\">\u0160pelo<\/mark><\/em><span style=\"background-color: rgba(51, 51, 51, 0.2); font-size: 1rem;\"><mark style=\"background-color:#ffffff\" class=\"has-inline-color\"> na njihovih du\u0161nih poteh? Kateri hobiji jih podpirajo? <\/mark><\/span><em style=\"font-size: 1rem;\"><mark style=\"background-color:#ffffff\" class=\"has-inline-color\">\u0160pela <\/mark><\/em><span style=\"background-color: rgba(51, 51, 51, 0.2); font-size: 1rem;\"><mark style=\"background-color:#ffffff\" class=\"has-inline-color\">hodi na frizersko, ampak jo zdaj mika prepis na zdravstveno \u0161olo. <\/mark><\/span><em style=\"font-size: 1rem;\"><mark style=\"background-color:#ffffff\" class=\"has-inline-color\">Ali je to nekaj, kar bi jo podprlo, kako naj jo jaz podrem v tem procesu?<\/mark><\/em><\/li>\n\n\n\n<li><em>Kako naj delujem<\/em>, da se v slu\u017ebi \u010dutim bolj izpolnjen? V slu\u017ebi do\u017eivljam mobing.<em> Kako naj delujem<\/em>, da se to razre\u0161i? <em>Zakaj <\/em>\u0161e nisem na\u0161el nove slu\u017ebe, <em>\u010desa me to u\u010di<\/em>?<em> <\/em>\u010cutim, kot da sem zataknjen v nekem za\u010daranem krogu v slu\u017ebi na projektu _____.<em> Kaj je moj naslednji korak<\/em>, da to razre\u0161im? <em>Kako naj komuniciram<\/em> s \u0161efom\/sodelavko____(ime), katere besede s o pomembne? <em>Kdaj in kako naj skomuniciram,<\/em> da \u017eelim vi\u0161jo pla\u010do, <em>na kaj naj bom pozoren?<\/em><\/li>\n\n\n\n<li>Kateri so moji du\u0161ni darovi? <em>Kateri hobiji <\/em>podpirajo razvoj mojih du\u0161nih darov? <em>Ali me te\u010daj<\/em> ________ (refleksoterapije, fotografije, &#8230;) podpira? <em>Na kak\u0161en na\u010din<\/em> lahko preko svojiih du\u0161nih darov kreiram ve\u010d obilja v \u017eivljenju? <em>Kaj je moj naslednji korak<\/em> pri manifestaciji novega doma, <em>na kaj naj bom pozoren?<\/em> Bil sem na ogledu hi\u0161e v ____(ime kraja), <em>ali ta hi\u0161a podpira<\/em> mene in mojo dru\u017eino? <em>Kako naj delujem<\/em>, da postane del na\u0161ega \u017eivljenja?<\/li>\n<\/ul>\n\n\n\n<p><\/p>\n\n\n\n<p>Ob vseh teh vpra\u0161anjih bodi <mark style=\"background-color:rgba(0, 0, 0, 0)\" class=\"has-inline-color has-luminous-vivid-orange-color\">\u010dim bolj konkreten, brez te\u017eav izrazi\u0161, kaj te skrbi.  Z angeli se pogovarjaj enako kot bi se, ko se dobi\u0161 svojimi prijatelji. Ne more\u0161 ni\u010desar vpra\u0161ati narobe, bodi iskren, jasen in pomembno je, da se postavi\u0161 v svojo mo\u010d<\/mark>, postavlja\u0161 vpra\u0161anja zase.<\/p>\n\n\n\n<p>V kolikor ti je te\u017eko vnaprej bolj konkretno oblikovat vpra\u0161anje, lahko v parih stavkih na sre\u010danju razlo\u017ei\u0161 situacijo, da gre\u0161 v ob\u010dutek, ki te te\u017ei. Potem pa re\u010de\u0161 kaj v smislu: &#8220;V tej situaciji se ne znajdem, bi prosil\/a za usmeritve za naprej.&#8221;<br><\/p>\n\n\n<div class=\"wp-block-image is-style-default\">\n<figure class=\"aligncenter size-large is-resized\"><img loading=\"lazy\" decoding=\"async\" src=\"https:\/\/katarina.dezman.org\/wp-content\/uploads\/2021\/08\/IMG_1629651932775-683x1024.jpg\" alt=\"\" class=\"wp-image-422\" width=\"401\" height=\"600\" srcset=\"https:\/\/katarina.dezman.org\/wp-content\/uploads\/2021\/08\/IMG_1629651932775-683x1024.jpg 683w, https:\/\/katarina.dezman.org\/wp-content\/uploads\/2021\/08\/IMG_1629651932775-350x525.jpg 350w, https:\/\/katarina.dezman.org\/wp-content\/uploads\/2021\/08\/IMG_1629651932775-200x300.jpg 200w\" sizes=\"auto, (max-width: 401px) 100vw, 401px\" \/><\/figure>\n<\/div>","protected":false},"excerpt":{"rendered":"<p>Kaj je kanaliziranje? Kdo so duhovni zavezniki, angeli, kako mi lahko pomagajo in kaj se dogaja med kanaliziranjem? Kanaliziranje je proces, v katerem se pove\u017eem s tvojimi duhovnimi zavezniki, angeli in ti prenesem njihove informacije ter energijo. Angele si ljudje najve\u010dkrat predstavljamo kot bitja s krili, ki nas spremljajo in varujejo. Velikokrat se omenja tudi &hellip; <\/p>\n<p class=\"link-more\"><a href=\"https:\/\/katarina.dezman.org\/?page_id=44\" class=\"more-link\">Preberi ve\u010d<span class=\"screen-reader-text\"> &#8220;Pogosta vpra\u0161anja in odgovori &#8211; stara&#8221;<\/span><\/a><\/p>\n","protected":false},"author":2,"featured_media":0,"parent":0,"menu_order":0,"comment_status":"closed","ping_status":"closed","template":"","meta":{"footnotes":""},"class_list":["post-44","page","type-page","status-publish","hentry"],"_links":{"self":[{"href":"https:\/\/katarina.dezman.org\/index.php?rest_route=\/wp\/v2\/pages\/44","targetHints":{"allow":["GET"]}}],"collection":[{"href":"https:\/\/katarina.dezman.org\/index.php?rest_route=\/wp\/v2\/pages"}],"about":[{"href":"https:\/\/katarina.dezman.org\/index.php?rest_route=\/wp\/v2\/types\/page"}],"author":[{"embeddable":true,"href":"https:\/\/katarina.dezman.org\/index.php?rest_route=\/wp\/v2\/users\/2"}],"replies":[{"embeddable":true,"href":"https:\/\/katarina.dezman.org\/index.php?rest_route=%2Fwp%2Fv2%2Fcomments&post=44"}],"version-history":[{"count":45,"href":"https:\/\/katarina.dezman.org\/index.php?rest_route=\/wp\/v2\/pages\/44\/revisions"}],"predecessor-version":[{"id":624,"href":"https:\/\/katarina.dezman.org\/index.php?rest_route=\/wp\/v2\/pages\/44\/revisions\/624"}],"wp:attachment":[{"href":"https:\/\/katarina.dezman.org\/index.php?rest_route=%2Fwp%2Fv2%2Fmedia&parent=44"}],"curies":[{"name":"wp","href":"https:\/\/api.w.org\/{rel}","templated":true}]}}