{"id":2,"date":"2019-07-28T13:07:31","date_gmt":"2019-07-28T12:07:31","guid":{"rendered":"http:\/\/194.135.93.82\/katarina.dezman.org\/?page_id=2"},"modified":"2026-01-05T09:50:06","modified_gmt":"2026-01-05T08:50:06","slug":"vzorcna-stran","status":"publish","type":"page","link":"https:\/\/katarina.dezman.org\/?page_id=2","title":{"rendered":"Storitve"},"content":{"rendered":"\n            <div class=\"qae-faqs-container qae-faqs-toggle-container\">\n\t\t\t\t\t\t\t<ul class=\"qe-faqs-filters-container\">\n\t\t\t\t<li class=\"active\"><a class=\"qe-faqs-filter all-faqs\" href=\"#\" data-filter=\"*\">All<\/a><\/li>\n\t\t\t\t<li><a class=\"qe-faqs-filter\" href=\"#storitve\" data-filter=\".storitve\">Storitve<\/a><\/li>\t\t\t<\/ul>\n\t\t\t\t\t<div id=\"qaef-1010\" class=\"qe-faq-toggle storitve\">\n\t\t\t<div class=\"qe-toggle-title\">\n\t\t\t\t<h4>\n\t\t\t\t\t<i class=\"fa fa-minus-circle\"><\/i> ENERGIJSKA TERAPIJA\t\t\t\t<\/h4>\n\t\t\t<\/div>\n\t\t\t<div class=\"qe-toggle-content\">\n\t\t\t\t\n<p>Energijska terapija je<strong> individualno sre\u010danje, na katerem se poglobiva v 1 tematiko<\/strong>, kjer \u017eeli\u0161 spremembo. Namenjena je <strong>transformaciji situacije, ki ti ne da miru, <\/strong>preko prepoznave, kje se zatika\u0161, energijskega zdravljenja teh blokad in konkretnega definiranja korakov naprej. Zelo pomemben del sre\u010danja predstavlja <strong>delo s telesom preko mi\u0161i\u010dnega testiranja.<\/strong><\/p>\n\n\n\n<p>To sre\u010danje ti priporo\u010dam, ko se <strong>\u010duti\u0161 ujet_a v neki situaciji<\/strong> in si pripravljen_a na <strong>konkreten premik<\/strong> v \u017eivljenju. Ve\u0161, kaj si \u017eeli\u0161, da bi bilo druga\u010de in ve\u0161, da lahko s <strong>spremembo na enem podro\u010dju vpliva\u0161 na vsa podro\u010dja svojega \u017eivljenja<\/strong>. Delava lahko na kateremkoli podro\u010dju (<em>odnos do denarja,<\/em> <em>skrite drzne \u017eelje, kvalitetni odnosi, zdrave meje, izpolnjenost v karieri, zdravo telo, podpora otrokom, menjava slu\u017ebe, zaklju\u010devanje odnosa, postavitev novega projekta <\/em>&#8230;), vendar na enem naenkrat. V tem greva v globino razumevanja in zdravljenja in posledi\u010dno se premaknejo stvari tudi drugje. <strong>Gre za obliko sre\u010danja, na katerega ne pride\u0161 s svojimi vpra\u0161anji, ampak z izzivom, ki ga skozi delo nasloviva.&nbsp;<\/strong><\/p>\n\n\n\n<p>Energijska terapija je na eni strani super uvod v delo na sebi in na drugi strani prostor premikov naprej, ko to, kar si delal_a do zdaj, mogo\u010de ne deluje &#8211; je kot oranje zemlje in priprava na spremembe, ki si jih \u017eeli\u0161. Predlagam ti jo tudi, \u010de ima\u0161 v resnici ob\u010dutek, da<em> rabi\u0161 malo miru v \u017eivljenju <\/em>in se ne rabi\u0161 ves \u010das premikat v spremembe &#8211; <strong>lahko se pomiri\u0161 s tem, da u\u017eiva\u0161 tukaj, kjer si in je to dovolj.<\/strong><\/p>\n\n\n\n<p><em>Znotraj sre\u010danja se pogovoriva o podro\u010dju, na katerem \u017eeli\u0161 spremembo in postaviva namero za zdravljenje.  Zelo pomemben del sre\u010danja je <strong>delo s telesom preko mi\u0161i\u010dnega testiranja<\/strong>. Preko njega dostopava do nezavednih vzorcev in prepri\u010danj, ki ti prepre\u010dujejo premike naprej in zaznava, kaj je tisto, kar je res pomembno zate. Nato sledi energijsko zdravljenje preko energijske transmisije, kjer se na energijskem nivoju razre\u0161i tisto, za kar je \u010das, da spusti svoj naboj v tvojem \u017eivljenju. Po zaklju\u010denem zdravljenju se nato v zadnjem delu pogovoriva, kaj se je med zdravljenjem zgodilo ter skupaj definirava tvoj korak naprej v realnem \u017eivljenju.<\/em><\/p>\n\n\n\n<hr class=\"wp-block-separator has-alpha-channel-opacity\" \/>\n\n\n\n<p>Mnenja strank o energijski terapiji:<\/p>\n\n\n\n<p><em>&#8220;Energijsko zdravljenje pri Katarini je posebna izku\u0161nja, ki je nisem \u0161e nikoli do\u017eivela, pa sem bila \u017ee na mnogih energijskih terapijah. Posebna je zato, ker naslavlja fizi\u010dno telo, \u010dustva, um in energijo. Pa tudi zato, ker ob Katarini \u010duti\u0161, da ve kaj dela in si v zaupanju, da te bo varno vodila skozi mo\u010den zdravilen in transformativni proces, ki bo trajal \u0161e dolgo po sre\u010danju. Dragoceno mi je tudi to, da sem dobila jasne napotke, kako naprej, da bo zdravljenje u\u010dinkovito na dolgi rok in \u0161e danes se dr\u017eim teh napotkov. Pomembno mi je, da ni to zgolj neka abstraktna stvar, ki je ne morem prenesti naprej v \u017eivljenje.\u010ce si nekdo, ki verjame v energijo, a si hkrati tudi trdno na tleh in prevzema\u0161 odgovornost za svoje \u017eivljenje, je Katarina, kot mentor in terapevt prava zate. Zelo dobro pove\u017ee energijski in fizi\u010dni svet, duha in telo. In \u010de si na to\u010dki v \u017eivljenju, ko bi rad-a v sebi razre\u0161il-a ter pre\u010distil-a dolo\u010dene energijske vsebine, vezi in blokade in \u017eeli\u0161, da te skozi ta proces varno vodi nekdo, ki je v zavedanju koristi in pasti energijskega dela, je to sre\u010danje prava izbira. Energijsko te zdravi in te z odgovori ter jasnimi napotki opolnomo\u010di (na dolgi rok!), da za\u017eivi\u0161 \u0161e bolj utele\u0161eno in osvobojeno blokad, vezi in vsebin, ki so te oddaljevale od tvoje mo\u010di in potenciala.&#8221;        Milena Karanovi\u0107<\/em><\/p>\n\n\n\n<hr class=\"wp-block-separator has-alpha-channel-opacity\" \/>\n\n\n\n<p><em>&#8220;Izku\u0161nja je bila nekaj novega in \u010disto posebnega zame. Bila je mo\u010dna in globoka, spro\u017eila je \u010dustven odziv in \u010dutila sem kako so se spremenile stvari v meni. Moje dojemanje odnosa, ki sva ga zaznali kot patolo\u0161kega se je spremenilo in postalo lahkotnej\u0161e. In ta izku\u0161nja z zdravljenjem mojega telesa, ki ga je izvedla moja vodnica je bilo nekaj \u010dudovitega! Predvsem \u010dutim kako mi je la\u017eje stat v svoji energiji in postavit meje. Se izrazit, povedat svojo resnico ne glede na odziv sogovornika. In verjamem, da je zame mogo\u010de kar koli, lahko tudi vse so\u010dasno \ud83d\ude0a\u010ce \u010duti\u0161, da te kli\u010de sodelovanje s Katarino, si ga privo\u0161\u010di, ker se definitivno izpla\u010da in te premakne naprej. In mislim, da je taka energijska terapija bomba, ker zrahlja energijske blokade v tebi in potem dobi\u0161 \u0161e jasnost s konkretnimi koraki kako it naprej. In te korake bo\u0161 tudi zmo\u017een naredit.&#8221;                                 <\/em>                                                         <em>Maja Marn Rado\u0161<\/em><\/p>\n\n\n\n<hr class=\"wp-block-separator has-alpha-channel-opacity\" \/>\n\n\n\n<p><em>&#8220;Draga Katarina,<\/em><\/p>\n\n\n\n<p><em>iz srca hvala za to izjemno izku\u0161njo. Energijska terapija s teboj me je tako globoko ganila, da sem na koncu ostala brez besed \u2013 s solzmi v o\u010deh in odprtim srcem. Skupaj sva \u0161li zelo globoko, do samih za\u010detkov in vzrokov mojih ran, kjer se je odprl prostor za jasnost, uvid in zdravljenje na nivoju, ki ga lahko opi\u0161em le kot resni\u010den level up.<\/em><\/p>\n\n\n\n<p><em>Tvoja pristnost, sr\u010dnost in tvoj dar ustvarjajo varen prostor, kjer se lahko zgodi pravo, globoko zdravljenje. Hvale\u017ena sem za sre\u010danje s teboj in za vse premike, ki so se zgodili skozi tvoje delo.<img decoding=\"async\" src=\"https:\/\/fonts.gstatic.com\/s\/e\/notoemoji\/16.0\/1f970\/32.png\" alt=\"\ud83e\udd70\"><img decoding=\"async\" src=\"https:\/\/fonts.gstatic.com\/s\/e\/notoemoji\/16.0\/1f970\/32.png\" alt=\"\ud83e\udd70\"><img decoding=\"async\" src=\"https:\/\/fonts.gstatic.com\/s\/e\/notoemoji\/16.0\/1f970\/32.png\" alt=\"\ud83e\udd70\">&#8220;<\/em><\/p>\n\n\n\n<hr class=\"wp-block-separator has-alpha-channel-opacity\" \/>\n\n\n\n<ul class=\"wp-block-list\">\n<li>Sre\u010danje poteka&nbsp;<strong>v \u017eivo v okolici Medvod pri Ljubljani ali preko spleta (Zoom aplikacija)<\/strong>&nbsp;in traja&nbsp;<strong> do 90 minut<\/strong> (prvo sre\u010danje lahko do 120 minut).<\/li>\n\n\n\n<li>V primeru sre\u010danja v \u017eivo to\u010dna navodila glede lokacije in priprave na sre\u010danje dobi\u0161 ob rezervaciji termina. V primeru sre\u010danja preko spleta, dobi\u0161 povezavo do Zoom-a na svoj e-mail.<\/li>\n\n\n\n<li>Da se sre\u010danju res lahko prepusti\u0161, posnamem razlago zdravljenja in ti avdio posnetek v naslednjih dneh po\u0161ljem na tvoj email.<\/li>\n\n\n\n<li>Vrednost \u010dasa in energije, ki ti jo namenim\u00a0<strong>v \u017eivo<\/strong>\u00a0ali\u00a0<strong>preko spleta<\/strong> je<strong> 130 eur.<\/strong> Dobrodo\u0161la sta tudi kot par, prijatelja, poslovna partnerja, sorodnika. Vrednost sre\u010danja je enaka.<\/li>\n\n\n\n<li>Svoj termin naje\u0161 tukaj: <a href=\"https:\/\/narocanje.dezman.org\/book-an-appointment\">https:\/\/narocanje.dezman.org\/book-an-appointment<\/a><\/li>\n<\/ul>\n\n\n\n<p><em>Storitev ni zamenjava za mnenje in podporo zdravnika ali drugega svetovalca, stranka se zanjo odlo\u010di na lastno odgovornost.<\/em><\/p>\n\n\n\n<p><\/p>\n\n\n\n<p><\/p>\n\n\n\n<p><\/p>\n\t\t\t<\/div>\n\t\t<\/div>\n\t\t\t\t<div id=\"qaef-988\" class=\"qe-faq-toggle storitve\">\n\t\t\t<div class=\"qe-toggle-title\">\n\t\t\t\t<h4>\n\t\t\t\t\t<i class=\"fa fa-minus-circle\"><\/i> SPORO\u010cILO IN PODPORA NA DALJAVO (Moje angelsko sporo\u010dilo)\u00a0\t\t\t\t<\/h4>\n\t\t\t<\/div>\n\t\t\t<div class=\"qe-toggle-content\">\n\t\t\t\t\n<p>Ko ne \u017eeli\u0161 iskati termina za sre\u010danje in \u017eeli\u0161 odgovore na konkretna vpra\u0161anja, se lahko s tvojimi duhovnimi zavezniki pove\u017eem na daljavo ter ti sporo\u010dilo po\u0161ljem v avdio obliki.<\/p>\n\n\n\n<p>Storitev zajema sporo\u010dilo kot odgovor na tvoje vpra\u0161anje in energijsko transmisijo v podporo temu sporo\u010dilu.<\/p>\n\n\n\n<p>Na mail <em>info@dezman.org<\/em> mi po\u0161lje\u0161 kratek opis situacije ter vpra\u0161anje s 3-4 podvpra\u0161anji, ki te zanimajo. &nbsp;<a href=\"https:\/\/katarina.dezman.org\/?page_id=608\">Tukaj&nbsp;<\/a>si preberi, kako lahko postavi\u0161 svoje vpra\u0161anje.<\/p>\n\n\n\n<p>Pove\u017eem se s tvojimi duhovnimi zavezniki in ti predam sporo\u010dilo z odgovori na tvoja vpra\u0161anja. Temu sledi \u0161e energijska transmisija, preko katere se na energijskem nivoju razre\u0161i tisto, kar blokira razre\u0161itev situacije, da la\u017eje naredi\u0161 korak ven iz za\u010daranega kroga.<\/p>\n\n\n\n<p>Ta oblika sporo\u010dila je primerna, ko se ukvarja\u0161 s konkretnimi situacijami (dolo\u010den izziv v slu\u017ebi, v odnosu, z zdravjem,\u2026). <\/p>\n\n\n\n<p><br>V kolikor \u017eeli\u0161 \u0161ir\u0161a sporo\u010dila in ve\u010d jasnosti tudi glede svoje du\u0161ne poti, te povabim, da izbere\u0161 storitev Moja ura jasnosti, saj s sodelovanjem v procesu dobi\u0161 ve\u010d jasnosti. V kolikor pa resni\u010dno potrebuje\u0161 jasnost v zelo konkretni situaciji, pa izberi Tvoje angelsko sporo\u010dilo.<\/p>\n\n\n\n<ul class=\"wp-block-list\">\n<li>Sporo\u010dilo prenesem na daljavo in ti&nbsp;<strong>avdio posnetek v roku 5 delovnih dni<\/strong>&nbsp;po prejemu vpra\u0161anj po\u0161ljem na elektronski naslov. Dol\u017eina posnetka je cca 30 minut.<\/li>\n\n\n\n<li>Vrednost:\n<ul class=\"wp-block-list\">\n<li>1 vpra\u0161anje s podvpra\u0161anji in energijsko transmisijo \u2013&nbsp;<strong>65 eur<\/strong><\/li>\n\n\n\n<li>2 vpra\u0161anji s podvpra\u0161anji in energijsko transmisijo \u2013<strong>&nbsp;100 eur<\/strong><\/li>\n\n\n\n<li>3 vpra\u0161anja s podvpra\u0161anji in energijsko transmisijo \u2013&nbsp;<strong>135 eur<\/strong><\/li>\n<\/ul>\n<\/li>\n\n\n\n<li>Svoje povpra\u0161evanje z vpra\u0161anjem s konkretnimi podvpra\u0161anji mi po\u0161lji na&nbsp;<em>info@dezman.org.<\/em><\/li>\n<\/ul>\n\n\n\n<p><\/p>\n\n\n\n<p><em>Storitev ni zamenjava za mnenje  in podporo zdravnika ali drugega svetovalca, stranka se zanjo odlo\u010di na lastno odgovornost.<\/em><\/p>\n\t\t\t<\/div>\n\t\t<\/div>\n\t\t\t\t<div id=\"qaef-982\" class=\"qe-faq-toggle storitve\">\n\t\t\t<div class=\"qe-toggle-title\">\n\t\t\t\t<h4>\n\t\t\t\t\t<i class=\"fa fa-minus-circle\"><\/i> MOJA URA JASNOSTI\t\t\t\t<\/h4>\n\t\t\t<\/div>\n\t\t\t<div class=\"qe-toggle-content\">\n\t\t\t\t\n<p>Moja ura jasnosti je namenjena  temu, da <strong>dobi\u0161 \u0161ir\u0161o sliko izzivov, s katerimi se sre\u010duje\u0161 v \u017eivljenju.<\/strong> Ko razume\u0161 situacije in njihov namen za tvoje \u017eivljenje, se la\u017eje soo\u010di\u0161 s tem, kar je tvoja rast znotraj teh izzivov. <\/p>\n\n\n\n<p>Na sre\u010danje lahko pride\u0161 z vpra\u0161anji <strong>glede 3 podro\u010dij tvojega \u017eivljenja.<\/strong> Zapi\u0161i si tisto, kar te te\u017ei, kar te zanima. V prvem delu sre\u010danja se pove\u017eem s tvojimi zavezniki in ti predam odgovore na tvoja vpra\u0161anja. V\u010dasih se zgodi, da v dolo\u010denem trenutku ni \u010das, da izve\u0161 svoj odgovor in v tem primeru pride pojasnilo, zakaj je temu tako. V drugem delu sre\u010danja greva v energijsko transmisijo, kjer se na energijskem nivoju pozdravijo in podprejo najbolj aktualne zagate. Na ta na\u010din tudi la\u017eje prenese\u0161 sli\u0161ano iz teorije v prakso..<\/p>\n\n\n\n<p><em>To sre\u010danje ti priporo\u010dam, ko <strong>\u017eeli\u0161 jasnost za ve\u010d podro\u010dij svojega \u017eivljenja<\/strong>. Pomembno je, da si na to\u010dki, ko zmore\u0161 dati stvari iz teorije v prakso in sli\u0161ano na sre\u010danju nato dejansko vnesti v svoje \u017eivljenje &#8211; takrat se zgodijo dejanske spremembe.<\/em><\/p>\n\n\n\n<p>Za sre\u010danje si pripravi konkretna vpra\u0161anja iz najve\u010d 3 razli\u010dnih podro\u010dij, ki te zanimajo. Podrobnosti priprave vpra\u0161anj si preberi&nbsp;<a href=\"https:\/\/katarina.dezman.org\/?page_id=44\">tukaj<\/a>. <\/p>\n\n\n\n<p>Mnenja strank:<\/p>\n\n\n\n<figure class=\"wp-block-image size-large\"><img decoding=\"async\" loading=\"lazy\" width=\"1024\" height=\"619\" src=\"https:\/\/katarina.dezman.org\/wp-content\/uploads\/2024\/11\/feedback-1024x619.png\" alt=\"\" class=\"wp-image-1021\" srcset=\"https:\/\/katarina.dezman.org\/wp-content\/uploads\/2024\/11\/feedback-1024x619.png 1024w, https:\/\/katarina.dezman.org\/wp-content\/uploads\/2024\/11\/feedback-300x181.png 300w, https:\/\/katarina.dezman.org\/wp-content\/uploads\/2024\/11\/feedback-768x464.png 768w, https:\/\/katarina.dezman.org\/wp-content\/uploads\/2024\/11\/feedback.png 1152w\" sizes=\"auto, (max-width: 706px) 89vw, (max-width: 767px) 82vw, 740px\" \/><\/figure>\n\n\n\n<ul class=\"wp-block-list\">\n<li>Sre\u010danje poteka&nbsp;<strong>v \u017eivo v okolici Medvod pri Ljubljani ali preko spleta (Zoom aplikacija)<\/strong>&nbsp;in traja&nbsp;<strong>od 75 do 90 minut<\/strong>.<\/li>\n\n\n\n<li>V primeru sre\u010danja v \u017eivo to\u010dna navodila glede lokacije in priprave na sre\u010danje dobi\u0161 ob rezervaciji termina. V primeru sre\u010danja preko spleta, dobi\u0161 povezavo do Zoom-a na svoj e-mail.<\/li>\n\n\n\n<li>Da se sre\u010danju res lahko prepusti\u0161, ga posnamem in ti avdio posnetek v naslednjih dneh po\u0161ljem na tvoj email.<\/li>\n\n\n\n<li>Vrednost \u010dasa in energije, ki ti jo namenim\u00a0<strong>v \u017eivo<\/strong>\u00a0ali\u00a0<strong>preko spleta<\/strong>\u00a0je\u00a0<strong>170 eur.<\/strong>  Dobrodo\u0161la sta tudi kot par, prijatelja, poslovna partnerja, sorodnika. Vrednost sre\u010danja je enaka. <\/li>\n\n\n\n<li>Svoj<strong>&nbsp;termin rezerviraj&nbsp;<a href=\"http:\/\/narocanje.dezman.org\/book-an-appointment\">tukaj<\/a>&nbsp;<\/strong>(vsi termini so mo\u017eni v \u017eivo ali preko spleta &#8211; izberi storitev Moja ura jasnosti):&nbsp;<a href=\"https:\/\/narocanje.dezman.org\/book-an-appointment\">https:\/\/narocanje.dezman.org\/book-an-appointment<\/a><\/li>\n<\/ul>\n\n\n\n<p><\/p>\n\n\n\n<p><em><em>Storitev ni zamenjava za mnenje  in podporo zdravnika ali drugega svetovalca, stranka se zanjo odlo\u010di na lastno odgovornost.<\/em><\/em><\/p>\n\n\n\n<p><\/p>\n\t\t\t<\/div>\n\t\t<\/div>\n\t\t\t\t<div id=\"qaef-931\" class=\"qe-faq-toggle storitve\">\n\t\t\t<div class=\"qe-toggle-title\">\n\t\t\t\t<h4>\n\t\t\t\t\t<i class=\"fa fa-minus-circle\"><\/i> DARILNI BON\t\t\t\t<\/h4>\n\t\t\t<\/div>\n\t\t\t<div class=\"qe-toggle-content\">\n\t\t\t\t\n<p>Velikokrat \u017eelimo podpreti ljudi ob sebi, ko za\u010dutimo, da so v stiski, ko \u017eelijo jasnost ali pa samo podporo in spodbudo. Zato za katerokoli storitev pri meni lahko naro\u010di\u0161 darilni bon za ljubljeno osebo. <\/p>\n\n\n\n<p>Prosim te , da kupi\u0161 bon le v primeru, da ve\u0161, da si prejemnik ali prejemnica to resni\u010dno \u017eeli. V kolikor si v resnici to \u017eeli\u0161 zase, bodi iskren_a do sebe in kupi bon sebi \ud83d\ude42<\/p>\n\n\n\n<p>Za podrobnosti se dogovoriva preko elektronske po\u0161te, pi\u0161i mi na<em>\u00a0info@dezman.org<\/em>. Vrednost darilnega bona je enaka vrednosti izbrane storitve.<\/p>\n\n\n\n<p><\/p>\n\n\n\n<p><\/p>\n\n\n\n<p><em>Nobena od storitev ni zamenjava za mnenje zdravnika ali drugega svetovalca, stranka se zanjo odlo\u010di na lastno odgovornost.<\/em><\/p>\n\t\t\t<\/div>\n\t\t<\/div>\n\t\t            <\/div>\n\t\t\n\n\n\n<p class=\"has-small-font-size\">Nobena od storitev ni zamenjava za mnenje zdravnika ali drugega svetovalca, stranka se zanjo odlo\u010di na lastno odgovornost.<\/p>\n\n\n<div class=\"wp-block-image\">\n<figure class=\"aligncenter size-large\"><img loading=\"lazy\" decoding=\"async\" width=\"1024\" height=\"1024\" src=\"https:\/\/katarina.dezman.org\/wp-content\/uploads\/2024\/11\/IMG_20241002_081634_630-1024x1024.jpg\" alt=\"\" class=\"wp-image-993\" srcset=\"https:\/\/katarina.dezman.org\/wp-content\/uploads\/2024\/11\/IMG_20241002_081634_630-1024x1024.jpg 1024w, https:\/\/katarina.dezman.org\/wp-content\/uploads\/2024\/11\/IMG_20241002_081634_630-300x300.jpg 300w, https:\/\/katarina.dezman.org\/wp-content\/uploads\/2024\/11\/IMG_20241002_081634_630-150x150.jpg 150w, https:\/\/katarina.dezman.org\/wp-content\/uploads\/2024\/11\/IMG_20241002_081634_630-768x768.jpg 768w, https:\/\/katarina.dezman.org\/wp-content\/uploads\/2024\/11\/IMG_20241002_081634_630-100x100.jpg 100w, https:\/\/katarina.dezman.org\/wp-content\/uploads\/2024\/11\/IMG_20241002_081634_630.jpg 1440w\" sizes=\"auto, (max-width: 706px) 89vw, (max-width: 767px) 82vw, 740px\" \/><\/figure>\n<\/div>","protected":false},"excerpt":{"rendered":"<p>Nobena od storitev ni zamenjava za mnenje zdravnika ali drugega svetovalca, stranka se zanjo odlo\u010di na lastno odgovornost.<\/p>\n","protected":false},"author":1,"featured_media":0,"parent":0,"menu_order":0,"comment_status":"closed","ping_status":"open","template":"","meta":{"footnotes":""},"class_list":["post-2","page","type-page","status-publish","hentry"],"_links":{"self":[{"href":"https:\/\/katarina.dezman.org\/index.php?rest_route=\/wp\/v2\/pages\/2","targetHints":{"allow":["GET"]}}],"collection":[{"href":"https:\/\/katarina.dezman.org\/index.php?rest_route=\/wp\/v2\/pages"}],"about":[{"href":"https:\/\/katarina.dezman.org\/index.php?rest_route=\/wp\/v2\/types\/page"}],"author":[{"embeddable":true,"href":"https:\/\/katarina.dezman.org\/index.php?rest_route=\/wp\/v2\/users\/1"}],"replies":[{"embeddable":true,"href":"https:\/\/katarina.dezman.org\/index.php?rest_route=%2Fwp%2Fv2%2Fcomments&post=2"}],"version-history":[{"count":90,"href":"https:\/\/katarina.dezman.org\/index.php?rest_route=\/wp\/v2\/pages\/2\/revisions"}],"predecessor-version":[{"id":1072,"href":"https:\/\/katarina.dezman.org\/index.php?rest_route=\/wp\/v2\/pages\/2\/revisions\/1072"}],"wp:attachment":[{"href":"https:\/\/katarina.dezman.org\/index.php?rest_route=%2Fwp%2Fv2%2Fmedia&parent=2"}],"curies":[{"name":"wp","href":"https:\/\/api.w.org\/{rel}","templated":true}]}}